{"id":37008,"date":"2019-03-07T22:54:12","date_gmt":"2019-03-07T22:54:12","guid":{"rendered":"https:\/\/thisisadominoproject.org\/ganz-new-perforations-competition-results\/"},"modified":"2025-07-15T11:16:19","modified_gmt":"2025-07-15T11:16:19","slug":"ganz-new-perforations-competition-results","status":"publish","type":"page","link":"https:\/\/thisisadominoproject.org\/en\/ganz-new-perforations-competition-results\/","title":{"rendered":"GANZ NEW PERFORATIONS &#8211; COMPETITION RESULTS"},"content":{"rendered":"<div class=\"wpb-content-wrapper\">[vc_row full_height=&#8221;yes&#8221; columns_placement=&#8221;stretch&#8221; el_id=&#8221;fixed-bg&#8221;][vc_column el_class=&#8221;addPadding&#8221;][\/vc_column][\/vc_row][vc_row css_animation=&#8221;fadeInUp&#8221; el_id=&#8221;content&#8221; css=&#8221;.vc_custom_1552005145571{padding-right: 10px !important;padding-left: 10px !important;}&#8221;][vc_column width=&#8221;1\/6&#8243;][\/vc_column][vc_column width=&#8221;2\/3&#8243; css=&#8221;.vc_custom_1552006373518{margin-top: 20% !important;margin-bottom: 10% !important;}&#8221;][vc_single_image image=&#8221;2812&#8243; img_size=&#8221;large&#8221; alignment=&#8221;center&#8221;][\/vc_column][vc_column width=&#8221;1\/6&#8243;][\/vc_column][\/vc_row][vc_row el_id=&#8221;content&#8221; css=&#8221;.vc_custom_1552007212952{margin-bottom: 20% !important;padding-right: 10px !important;padding-left: 10px !important;}&#8221;][vc_column el_class=&#8221;section&#8221; css=&#8221;.vc_custom_1537983660658{padding-top: 90px !important;}&#8221; el_id=&#8221;info&#8221;][hgroup title=&#8221;GANZ NOVE PERFORACIJE&#8221; subtitle=&#8221;Rezultati natje\u010daja&#8221; center_text=&#8221;yes&#8221; el_class=&#8221;title&#8221;][vc_column_text el_class=&#8221;text&#8221; css=&#8221;.vc_custom_1553815991102{margin-top: -20px !important;padding-bottom: 50px !important;}&#8221;]To the <strong>Ganz Festival&#8217;s new Perforations<\/strong> competition, which was open  <strong>from February 26 to March 22, 2019.  <\/strong>  A total of <strong>54 project proposals<\/strong> were received. Taking into account the quality of the proposed projects, the artistic work of the authors to date, the relevance and potential of the projects for the further development of the artistic medium in which the authors work, and for strengthening and networking the community around current problems of contemporary society, Ganz New Perforations, guided by the desire to consolidate the collaborative, conceptual, financial, spatial and technical &#8220;capital&#8221; of the independent performance scene, will support 8 artistic projects. When selecting performance co-productions and post-productions, the possibility of further regional and international distribution of artistic works through festival partners outside Croatia was also taken into account. The projects were read, watched and listened to by Silvija Stipanov (artistic director of Ganz New Perforations 2019) in collaboration with Zvonimir Dobrovi\u0107 (director of Domino, artistic director of the Queer Zagreb festival).   <\/p>\n<p><span style=\"font-size: 22px;\">In the <span style=\"text-decoration: underline;\"><strong>co-production<\/strong> category <strong>&#8211; 1.1.<\/strong><\/span> contemporary theatre, dance and performance \/ hybrid performance works &#8211; <span style=\"text-decoration: underline;\"><strong>three proposals are supported:<\/strong><\/span><\/span><\/p>\n<p><strong>1. Artistic organization for opening new fields of theatrical communication Four Hands &#8211; Marina Petkovi\u0107 Liker: <em>Talking<\/em><\/strong> (working title)<br \/>\n<strong>Marina Petkovi\u0107 Liker<\/strong> explores the areas of the mutual connection between voice and body, female gesture and the female principle of action in art and life, synesthetic theatre, theatrical co-play and the interrelationship of different performing artists. In her new theatre play <em><strong>Razgovaranje<\/strong><\/em>, she continues her exploration of the specific performance form of &#8216;jazz conversation&#8217; that she explored and established during her previous theatre-research projects. <\/p>\n<p><strong>2. Artistic organization Rebel theater troupe &#8211; Miran Kurspahi\u0107 and Rona \u017dulj: <em>Victims4Life<\/em> <\/strong><br \/>\n<strong>Miran Kurspahi\u0107 and Rona \u017dulj<\/strong> deal with contemporary political theatre, in which, not without self-irony but also humor, they question the action or, more often, the inaction of the individual. Ten years after the play Victims of Geography 2: Return of the Victim, the original production returns to the stage in a new sequel: <em><strong>Victims4Life &#8211; Victims for Life<\/strong><\/em> . Plunging headlong down the roller coaster of their own prejudices, while questioning the new cultural paradigm and the spirit of the times, Victims for Life will entertain the viewer, but also make them wonder about their own position in society and their own mechanisms of withdrawal.  <\/p>\n<p><strong>3. Art organization Studio Artless \u2013 Janjatovi\u0107-Zorica, Foreti\u0107, Buba\u0161, Miljak, Sekuli\u0107: Research interpretation of multimedia theater performance <em>Ende oder Wende<\/em><\/strong><br \/>\n Ende oder Wende is a multimedia performance created in 1983 by \u017deljko Zorica \u0160i\u0161, Mirjana Vukadin, Dragan Ruljan\u010di\u0107 and Vladimir Petek, consciously resisting the rigid concept of authoritarian, hierarchically set directorial theatre, dominant in the early 1980s. The new interpretation by the equally heterogeneous team of authors, consisting of performing artist <strong>Josipa Buba\u0161<\/strong> , visual artist <strong>Ivana Ognjanovac<\/strong> , dramaturge <strong>Morana Foreti\u0107<\/strong> , musician <strong>Tomica Miljak<\/strong> , academic sculptor <strong>Miljenko Sekuli\u0107<\/strong> and sociologist and head of the arts organization <strong>Ana Janjatovi\u0107-Zorica<\/strong> , inverts gender roles and places a predominantly male plot in a feminine key.  <\/p>\n<p><span style=\"font-size: 22px;\">In the <span style=\"text-decoration: underline;\"><strong>co-production<\/strong> category <strong>&#8211; 1.2.<\/strong><\/span> artistic-ecological projects in public or unusual exhibition\/performance spaces &#8211; <span style=\"text-decoration: underline;\"><strong>one proposal is supported:<\/strong><\/span><\/span><\/p>\n<p><strong>1. Azra Svedru\u017ei\u0107 and Demirel Pa\u0161ali\u0107: <em>Listen to the Forests!<\/em><\/strong> (working title)<br \/>\n Azra Svedru\u017ei\u0107 works in the field of experimental film and video, as well as fine and multimedia art. <strong>Demirel Pa\u0161ali\u0107<\/strong> is a photographer, cinematographer, musician and multimedia artist. With the work <strong><em>Listen to the Forests!<\/em><\/strong> they return to the idea of previous joint projects that art may not be able to change the world, but it can change consciousness. Listen to the Forests! is a reaction to the devastation of forests and habitats, especially excessive logging of trees of questionable legality and which is hidden from the public. The goal of the project is to shed light on the problem, activate and network as many citizens as possible through a sound installation in public space, QR codes, a participatory website and a sculpture of a &#8216;forester&#8217;.   <\/p>\n<p><span style=\"text-decoration: underline;\">In <strong>the post-production<\/strong> category (performances of finished works of contemporary theatre and dance\/hybrid performance works), <strong>three proposals were supported:<\/strong><\/span><\/p>\n<p><strong>1. BADco.: <em>Impossible Dances<\/em><\/strong><br \/>\n At the invitation of the Chicago Center for Culture and the IN Triennial&gt; TIME2019 performance collective <strong>BADco.<\/strong> develops and performs a new work based on the documentation and scores of the sequence <em><strong>Impossible Dances (Impossible Dances)<\/strong><\/em> from the play The Sea &amp;Poison by the American post-drama theater group The Goat Island. BADco. sets before its authors and performers the challenge of an impossible dance, the outcome of which must be sought in translation into another artistic medium and in the development of one or more transdisciplinary and transformative works at the intersection of collection, video documentation, lectures and performances.  <\/p>\n<p><strong>2. Nastasja \u0160tefani\u0107: <em>Viola, me and the two of us<\/em><\/strong><br \/>\n<strong>Nastasja \u0160tefani\u0107<\/strong> is a professional musician, dancer, choreographer, and music and dance director.<br \/>\n pedagogue who lives and works in Zagreb. She completed her graduate studies in viola at<br \/>\n at the Academy of Music in Zagreb and an undergraduate study of contemporary dance at the Academy of Dramatic Arts in Zagreb. <em><strong>Viola, Me and the Two of Us<\/strong><\/em> is an autobiographical play and examination of the relationship between movement and sound, and the living and the inanimate, within a performance format that is on the border between a dance performance and an experimental concert. <\/p>\n<p><strong>3. \u0160kvadra: <em>I Can&#8217;t Hear You, It&#8217;s Dark<\/em><\/strong> (*a shorter, experimental performance format is supported as part of Performance Night)<br \/>\n \u0160kvadra is a group of 8 young professional dance artists ( <strong>An\u0111ela Bugarija, Ema Crni\u0107, Marta Habulin, Ema Kani, Gendis Putri Kartini, Eva Koci\u0107, \u0160imun Stankov and Una \u0160talcar-Fura\u010d<\/strong> ), formed out of the need to create their own opportunities, collaborations and projects. Through the performance <em><strong>I Can&#8217;t Hear You, Darkness,<\/strong><\/em> they explore the levels of communication from the simplest transmission of a message to other more complex ingredients that make it high-quality, meaningful, impossible and\/or incomprehensible. <\/p>\n<p><span style=\"font-size: 22px;\">In the category <span style=\"text-decoration: underline;\"><strong>of development and support of ideas, experiments and new performance forms,<\/strong><\/span> <span style=\"text-decoration: underline;\"><strong>one proposal was supported:<\/strong><\/span><\/span><\/p>\n<p><strong>1. Association for Interdisciplinary and Intercultural Research (UIII) \u2013 Sonja Lebo\u0161: <em>Waiting<\/em><\/strong><br \/>\n<em><strong>Waiting<\/strong><\/em> is a participatory performance in public space that addresses the problems of the Croatian healthcare system. Waiting is part of an artistic research project titled <em><strong>Retropolis: Care and Solidarity<\/strong><\/em> conducted by <strong>Sonja Lebo\u0161, Maja Markovi\u0107, Luana Loji\u0107 and Stella Lebo\u0161.<\/strong> <\/p>\n<p>&nbsp;<\/p>\n<h2>Thank you to all artists and organizations for submitting applications.<br \/>\n See you at Ganz New Perforations from June 27th to July 2nd, 2019! <\/h2>\n<p><span style=\"color: #ffffff;\">.<\/span>[\/vc_column_text][\/vc_column][\/vc_row][vc_row el_class=&#8221;endSpace&#8221;][vc_column el_id=&#8221;endSpace&#8221;][\/vc_column][\/vc_row]\n<\/div>","protected":false},"excerpt":{"rendered":"<p>[vc_row full_height=&#8221;yes&#8221; columns_placement=&#8221;stretch&#8221; el_id=&#8221;fixed-bg&#8221;][vc_column el_class=&#8221;addPadding&#8221;][\/vc_column][\/vc_row][vc_row css_animation=&#8221;fadeInUp&#8221; el_id=&#8221;content&#8221; css=&#8221;.vc_custom_1552005145571{padding-right: 10px !important;padding-left: 10px !important;}&#8221;][vc_column width=&#8221;1\/6&#8243;][\/vc_column][vc_column width=&#8221;2\/3&#8243; css=&#8221;.vc_custom_1552006373518{margin-top: 20% !important;margin-bottom: 10% !important;}&#8221;][vc_single_image image=&#8221;2812&#8243; img_size=&#8221;large&#8221; alignment=&#8221;center&#8221;][\/vc_column][vc_column width=&#8221;1\/6&#8243;][\/vc_column][\/vc_row][vc_row el_id=&#8221;content&#8221; css=&#8221;.vc_custom_1552007212952{margin-bottom: 20% !important;padding-right: 10px !important;padding-left: 10px !important;}&#8221;][vc_column el_class=&#8221;section&#8221; css=&#8221;.vc_custom_1537983660658{padding-top: 90px !important;}&#8221; el_id=&#8221;info&#8221;][hgroup title=&#8221;GANZ NOVE PERFORACIJE&#8221; subtitle=&#8221;Rezultati natje\u010daja&#8221; center_text=&#8221;yes&#8221; el_class=&#8221;title&#8221;][vc_column_text el_class=&#8221;text&#8221; css=&#8221;.vc_custom_1553815991102{margin-top: -20px !important;padding-bottom: 50px !important;}&#8221;]To the Ganz Festival&#8217;s new Perforations competition,&hellip;<\/p>\n","protected":false},"author":1,"featured_media":0,"parent":0,"menu_order":0,"comment_status":"closed","ping_status":"closed","template":"","meta":{"footnotes":""},"class_list":["post-37008","page","type-page","status-publish","hentry","description-off"],"yoast_head":"<!-- This site is optimized with the Yoast SEO plugin v26.9 - https:\/\/yoast.com\/product\/yoast-seo-wordpress\/ -->\n<title>Ganz New Perforations 2019 | This is a domino project<\/title>\n<meta name=\"description\" content=\"Ganz new Perforations - Zagreb edition from June 27 to July 2, 2019. year.\" \/>\n<meta name=\"robots\" content=\"index, follow, max-snippet:-1, max-image-preview:large, max-video-preview:-1\" \/>\n<link rel=\"canonical\" href=\"https:\/\/thisisadominoproject.org\/en\/ganz-new-perforations-competition-results\/\" \/>\n<meta property=\"og:locale\" content=\"en_US\" \/>\n<meta property=\"og:type\" content=\"article\" \/>\n<meta property=\"og:title\" content=\"Ganz New Perforations 2019 | This is a domino project\" \/>\n<meta property=\"og:description\" content=\"Ganz new Perforations - Zagreb edition from June 27 to July 2, 2019. year.\" \/>\n<meta property=\"og:url\" content=\"https:\/\/thisisadominoproject.org\/en\/ganz-new-perforations-competition-results\/\" \/>\n<meta property=\"og:site_name\" content=\"Udruga Domino\" \/>\n<meta property=\"article:publisher\" content=\"https:\/\/www.facebook.com\/thisisadominoproject\" \/>\n<meta property=\"article:modified_time\" content=\"2025-07-15T11:16:19+00:00\" \/>\n<meta property=\"og:image\" content=\"https:\/\/thisisadominoproject.org\/wp-content\/uploads\/2019\/03\/cover-01.png\" \/>\n<meta name=\"twitter:card\" content=\"summary_large_image\" \/>\n<meta name=\"twitter:label1\" content=\"Est. reading time\" \/>\n\t<meta name=\"twitter:data1\" content=\"6 minutes\" \/>\n<script type=\"application\/ld+json\" class=\"yoast-schema-graph\">{\"@context\":\"https:\/\/schema.org\",\"@graph\":[{\"@type\":\"WebPage\",\"@id\":\"https:\/\/thisisadominoproject.org\/en\/ganz-new-perforations-competition-results\/\",\"url\":\"https:\/\/thisisadominoproject.org\/en\/ganz-new-perforations-competition-results\/\",\"name\":\"Ganz New Perforations 2019 | This is a domino project\",\"isPartOf\":{\"@id\":\"https:\/\/thisisadominoproject.org\/en\/#website\"},\"datePublished\":\"2019-03-07T22:54:12+00:00\",\"dateModified\":\"2025-07-15T11:16:19+00:00\",\"description\":\"Ganz new Perforations - Zagreb edition from June 27 to July 2, 2019. year.\",\"breadcrumb\":{\"@id\":\"https:\/\/thisisadominoproject.org\/en\/ganz-new-perforations-competition-results\/#breadcrumb\"},\"inLanguage\":\"en-US\",\"potentialAction\":[{\"@type\":\"ReadAction\",\"target\":[\"https:\/\/thisisadominoproject.org\/en\/ganz-new-perforations-competition-results\/\"]}]},{\"@type\":\"BreadcrumbList\",\"@id\":\"https:\/\/thisisadominoproject.org\/en\/ganz-new-perforations-competition-results\/#breadcrumb\",\"itemListElement\":[{\"@type\":\"ListItem\",\"position\":1,\"name\":\"Po\u010detna\",\"item\":\"https:\/\/thisisadominoproject.org\/en\/\"},{\"@type\":\"ListItem\",\"position\":2,\"name\":\"GANZ NEW PERFORATIONS &#8211; COMPETITION RESULTS\"}]},{\"@type\":\"WebSite\",\"@id\":\"https:\/\/thisisadominoproject.org\/en\/#website\",\"url\":\"https:\/\/thisisadominoproject.org\/en\/\",\"name\":\"Udruga Domino\",\"description\":\"This is a Domino project\",\"publisher\":{\"@id\":\"https:\/\/thisisadominoproject.org\/en\/#organization\"},\"potentialAction\":[{\"@type\":\"SearchAction\",\"target\":{\"@type\":\"EntryPoint\",\"urlTemplate\":\"https:\/\/thisisadominoproject.org\/en\/?s={search_term_string}\"},\"query-input\":{\"@type\":\"PropertyValueSpecification\",\"valueRequired\":true,\"valueName\":\"search_term_string\"}}],\"inLanguage\":\"en-US\"},{\"@type\":\"Organization\",\"@id\":\"https:\/\/thisisadominoproject.org\/en\/#organization\",\"name\":\"Udruga Domino\",\"url\":\"https:\/\/thisisadominoproject.org\/en\/\",\"logo\":{\"@type\":\"ImageObject\",\"inLanguage\":\"en-US\",\"@id\":\"https:\/\/thisisadominoproject.org\/en\/#\/schema\/logo\/image\/\",\"url\":\"https:\/\/thisisadominoproject.org\/wp-content\/uploads\/2018\/04\/cropped-ICON.png\",\"contentUrl\":\"https:\/\/thisisadominoproject.org\/wp-content\/uploads\/2018\/04\/cropped-ICON.png\",\"width\":512,\"height\":512,\"caption\":\"Udruga Domino\"},\"image\":{\"@id\":\"https:\/\/thisisadominoproject.org\/en\/#\/schema\/logo\/image\/\"},\"sameAs\":[\"https:\/\/www.facebook.com\/thisisadominoproject\",\"https:\/\/www.instagram.com\/this_is_a_domino_project\/\"]}]}<\/script>\n<!-- \/ Yoast SEO plugin. -->","yoast_head_json":{"title":"Ganz New Perforations 2019 | This is a domino project","description":"Ganz new Perforations - Zagreb edition from June 27 to July 2, 2019. year.","robots":{"index":"index","follow":"follow","max-snippet":"max-snippet:-1","max-image-preview":"max-image-preview:large","max-video-preview":"max-video-preview:-1"},"canonical":"https:\/\/thisisadominoproject.org\/en\/ganz-new-perforations-competition-results\/","og_locale":"en_US","og_type":"article","og_title":"Ganz New Perforations 2019 | This is a domino project","og_description":"Ganz new Perforations - Zagreb edition from June 27 to July 2, 2019. year.","og_url":"https:\/\/thisisadominoproject.org\/en\/ganz-new-perforations-competition-results\/","og_site_name":"Udruga Domino","article_publisher":"https:\/\/www.facebook.com\/thisisadominoproject","article_modified_time":"2025-07-15T11:16:19+00:00","og_image":[{"url":"https:\/\/thisisadominoproject.org\/wp-content\/uploads\/2019\/03\/cover-01.png","type":"","width":"","height":""}],"twitter_card":"summary_large_image","twitter_misc":{"Est. reading time":"6 minutes"},"schema":{"@context":"https:\/\/schema.org","@graph":[{"@type":"WebPage","@id":"https:\/\/thisisadominoproject.org\/en\/ganz-new-perforations-competition-results\/","url":"https:\/\/thisisadominoproject.org\/en\/ganz-new-perforations-competition-results\/","name":"Ganz New Perforations 2019 | This is a domino project","isPartOf":{"@id":"https:\/\/thisisadominoproject.org\/en\/#website"},"datePublished":"2019-03-07T22:54:12+00:00","dateModified":"2025-07-15T11:16:19+00:00","description":"Ganz new Perforations - Zagreb edition from June 27 to July 2, 2019. year.","breadcrumb":{"@id":"https:\/\/thisisadominoproject.org\/en\/ganz-new-perforations-competition-results\/#breadcrumb"},"inLanguage":"en-US","potentialAction":[{"@type":"ReadAction","target":["https:\/\/thisisadominoproject.org\/en\/ganz-new-perforations-competition-results\/"]}]},{"@type":"BreadcrumbList","@id":"https:\/\/thisisadominoproject.org\/en\/ganz-new-perforations-competition-results\/#breadcrumb","itemListElement":[{"@type":"ListItem","position":1,"name":"Po\u010detna","item":"https:\/\/thisisadominoproject.org\/en\/"},{"@type":"ListItem","position":2,"name":"GANZ NEW PERFORATIONS &#8211; COMPETITION RESULTS"}]},{"@type":"WebSite","@id":"https:\/\/thisisadominoproject.org\/en\/#website","url":"https:\/\/thisisadominoproject.org\/en\/","name":"Udruga Domino","description":"This is a Domino project","publisher":{"@id":"https:\/\/thisisadominoproject.org\/en\/#organization"},"potentialAction":[{"@type":"SearchAction","target":{"@type":"EntryPoint","urlTemplate":"https:\/\/thisisadominoproject.org\/en\/?s={search_term_string}"},"query-input":{"@type":"PropertyValueSpecification","valueRequired":true,"valueName":"search_term_string"}}],"inLanguage":"en-US"},{"@type":"Organization","@id":"https:\/\/thisisadominoproject.org\/en\/#organization","name":"Udruga Domino","url":"https:\/\/thisisadominoproject.org\/en\/","logo":{"@type":"ImageObject","inLanguage":"en-US","@id":"https:\/\/thisisadominoproject.org\/en\/#\/schema\/logo\/image\/","url":"https:\/\/thisisadominoproject.org\/wp-content\/uploads\/2018\/04\/cropped-ICON.png","contentUrl":"https:\/\/thisisadominoproject.org\/wp-content\/uploads\/2018\/04\/cropped-ICON.png","width":512,"height":512,"caption":"Udruga Domino"},"image":{"@id":"https:\/\/thisisadominoproject.org\/en\/#\/schema\/logo\/image\/"},"sameAs":["https:\/\/www.facebook.com\/thisisadominoproject","https:\/\/www.instagram.com\/this_is_a_domino_project\/"]}]}},"_links":{"self":[{"href":"https:\/\/thisisadominoproject.org\/en\/wp-json\/wp\/v2\/pages\/37008","targetHints":{"allow":["GET"]}}],"collection":[{"href":"https:\/\/thisisadominoproject.org\/en\/wp-json\/wp\/v2\/pages"}],"about":[{"href":"https:\/\/thisisadominoproject.org\/en\/wp-json\/wp\/v2\/types\/page"}],"author":[{"embeddable":true,"href":"https:\/\/thisisadominoproject.org\/en\/wp-json\/wp\/v2\/users\/1"}],"replies":[{"embeddable":true,"href":"https:\/\/thisisadominoproject.org\/en\/wp-json\/wp\/v2\/comments?post=37008"}],"version-history":[{"count":0,"href":"https:\/\/thisisadominoproject.org\/en\/wp-json\/wp\/v2\/pages\/37008\/revisions"}],"wp:attachment":[{"href":"https:\/\/thisisadominoproject.org\/en\/wp-json\/wp\/v2\/media?parent=37008"}],"curies":[{"name":"wp","href":"https:\/\/api.w.org\/{rel}","templated":true}]}}